{"id":544,"date":"2023-03-27T21:42:39","date_gmt":"2023-03-27T21:42:39","guid":{"rendered":"https:\/\/buiimmigration.alothai.com\/?page_id=544"},"modified":"2026-05-13T00:55:15","modified_gmt":"2026-05-13T04:55:15","slug":"dinh-cu-canada-theo-dien-di-lam-cho-nguoi-lao-dong-o-viet-nam","status":"publish","type":"page","link":"https:\/\/buiimmigration.alothai.com\/en\/dinh-cu-canada-theo-dien-di-lam-cho-nguoi-lao-dong-o-viet-nam\/","title":{"rendered":"\u0110\u1ecbnh c\u01b0 Canada cho ng\u01b0\u1eddi lao \u0111\u1ed9ng \u1edf Vi\u1ec7t Nam"},"content":{"rendered":"<div data-elementor-type=\"wp-page\" data-elementor-id=\"544\" class=\"elementor elementor-544\" data-elementor-post-type=\"page\">\n\t\t\t\t<div class=\"elementor-element elementor-element-03998a1 e-flex e-con-boxed e-con e-parent\" data-id=\"03998a1\" data-element_type=\"container\" data-e-type=\"container\" data-settings=\"{&quot;background_background&quot;:&quot;classic&quot;}\">\n\t\t\t\t\t<div class=\"e-con-inner\">\n\t\t\t\t\t<\/div>\n\t\t\t\t<\/div>\n\t\t<div class=\"elementor-element elementor-element-12674e6 e-flex e-con-boxed e-con e-parent\" data-id=\"12674e6\" data-element_type=\"container\" data-e-type=\"container\">\n\t\t\t\t\t<div class=\"e-con-inner\">\n\t\t<div class=\"elementor-element elementor-element-92010bf e-flex e-con-boxed e-con e-child\" data-id=\"92010bf\" data-element_type=\"container\" data-e-type=\"container\">\n\t\t\t\t\t<div class=\"e-con-inner\">\n\t\t\t\t<div class=\"elementor-element elementor-element-d735a4a elementor-widget elementor-widget-heading\" data-id=\"d735a4a\" data-element_type=\"widget\" data-e-type=\"widget\" data-widget_type=\"heading.default\">\n\t\t\t\t<div class=\"elementor-widget-container\">\n\t\t\t\t\t<h1 class=\"elementor-heading-title elementor-size-default\">\u0110\u1ecbnh c\u01b0 Canada cho ng\u01b0\u1eddi lao \u0111\u1ed9ng \u1edf Vi\u1ec7t Nam<\/h1>\t\t\t\t<\/div>\n\t\t\t\t<\/div>\n\t\t\t\t<div class=\"elementor-element elementor-element-1af6c8b elementor-widget__width-initial elementor-widget elementor-widget-text-editor\" data-id=\"1af6c8b\" data-element_type=\"widget\" data-e-type=\"widget\" data-widget_type=\"text-editor.default\">\n\t\t\t\t<div class=\"elementor-widget-container\">\n\t\t\t\t\t\t\t\t\t<p>M\u1ed9t trong nh\u1eefng l\u00fd do gi\u00fap Canada thu h\u00fat \u0111\u01b0\u1ee3c nhi\u1ec1u ng\u01b0\u1eddi lao \u0111\u1ed9ng c\u00f3 tay ngh\u1ec1 cao ch\u00ednh l\u00e0 v\u00ec ch\u00ednh s\u00e1ch \u0111\u1ecbnh c\u01b0 di\u1ec7n tay ngh\u1ec1 c\u1ee7a \u0111\u1ea5t n\u01b0\u1edbc n\u00e0y v\u00f4 c\u00f9ng \u0111a d\u1ea1ng<\/p>\t\t\t\t\t\t\t\t<\/div>\n\t\t\t\t<\/div>\n\t\t\t\t\t<\/div>\n\t\t\t\t<\/div>\n\t\t\t\t<div class=\"elementor-element elementor-element-cc1b0a0 elementor-grid-2 elementor-grid-tablet-2 elementor-grid-mobile-1 elementor-posts--thumbnail-top elementor-card-shadow-yes elementor-posts__hover-gradient elementor-widget elementor-widget-posts\" data-id=\"cc1b0a0\" data-element_type=\"widget\" data-e-type=\"widget\" data-settings=\"{&quot;cards_columns&quot;:&quot;2&quot;,&quot;cards_columns_tablet&quot;:&quot;2&quot;,&quot;cards_columns_mobile&quot;:&quot;1&quot;,&quot;cards_row_gap&quot;:{&quot;unit&quot;:&quot;px&quot;,&quot;size&quot;:35,&quot;sizes&quot;:[]},&quot;cards_row_gap_tablet&quot;:{&quot;unit&quot;:&quot;px&quot;,&quot;size&quot;:&quot;&quot;,&quot;sizes&quot;:[]},&quot;cards_row_gap_mobile&quot;:{&quot;unit&quot;:&quot;px&quot;,&quot;size&quot;:&quot;&quot;,&quot;sizes&quot;:[]}}\" data-widget_type=\"posts.cards\">\n\t\t\t\t<div class=\"elementor-widget-container\">\n\t\t\t\t\t\t\t<div class=\"elementor-posts-container elementor-posts elementor-posts--skin-cards elementor-grid\" role=\"list\">\r\n\t\t\t\t<article class=\"elementor-post elementor-grid-item post-506 post type-post status-publish format-standard has-post-thumbnail hentry category-chuong-trinh-dinh-cu-canada category-dinh-cu-canada-theo-dien-di-lam-cho-nguoi-lao-dong-o-viet-nam\" role=\"listitem\">\r\n\t\t\t<div class=\"elementor-post__card\">\r\n\t\t\t\t<a class=\"elementor-post__thumbnail__link\" href=\"https:\/\/buiimmigration.alothai.com\/en\/lao-dong-xin-giay-phep-lao-dong-work-permit\/\" tabindex=\"-1\" ><div class=\"elementor-post__thumbnail\"><img fetchpriority=\"high\" decoding=\"async\" width=\"768\" height=\"512\" src=\"data:image\/gif;base64,R0lGODlhAQABAIAAAAAAAP\/\/\/yH5BAEAAAAALAAAAAABAAEAAAIBRAA7\" data-src=\"https:\/\/buiimmigration.alothai.com\/wp-content\/uploads\/2023\/03\/Nhan-ket-qua-thanh-cong-768x512.jpg\" class=\"attachment-medium_large size-medium_large wp-image-652 lazyload\" alt=\"Gi\u1ea5y ph\u00e9p lao \u0111\u1ed9ng (work permit)\" data-srcset=\"https:\/\/buiimmigration.alothai.com\/wp-content\/uploads\/2023\/03\/Nhan-ket-qua-thanh-cong-768x512.jpg 768w, https:\/\/buiimmigration.alothai.com\/wp-content\/uploads\/2023\/03\/Nhan-ket-qua-thanh-cong-300x200.jpg 300w, https:\/\/buiimmigration.alothai.com\/wp-content\/uploads\/2023\/03\/Nhan-ket-qua-thanh-cong-1024x683.jpg 1024w, https:\/\/buiimmigration.alothai.com\/wp-content\/uploads\/2023\/03\/Nhan-ket-qua-thanh-cong-1536x1024.jpg 1536w, https:\/\/buiimmigration.alothai.com\/wp-content\/uploads\/2023\/03\/Nhan-ket-qua-thanh-cong-2048x1365.jpg 2048w\" sizes=\"(max-width: 768px) 100vw, 768px\" \/><noscript><img decoding=\"async\" width=\"768\" height=\"512\" src=\"https:\/\/buiimmigration.alothai.com\/wp-content\/uploads\/2023\/03\/Nhan-ket-qua-thanh-cong-768x512.jpg\" class=\"attachment-medium_large size-medium_large wp-image-652 lazyload\" alt=\"Gi\u1ea5y ph\u00e9p lao \u0111\u1ed9ng (work permit)\" srcset=\"https:\/\/buiimmigration.alothai.com\/wp-content\/uploads\/2023\/03\/Nhan-ket-qua-thanh-cong-768x512.jpg 768w, https:\/\/buiimmigration.alothai.com\/wp-content\/uploads\/2023\/03\/Nhan-ket-qua-thanh-cong-300x200.jpg 300w, https:\/\/buiimmigration.alothai.com\/wp-content\/uploads\/2023\/03\/Nhan-ket-qua-thanh-cong-1024x683.jpg 1024w, https:\/\/buiimmigration.alothai.com\/wp-content\/uploads\/2023\/03\/Nhan-ket-qua-thanh-cong-1536x1024.jpg 1536w, https:\/\/buiimmigration.alothai.com\/wp-content\/uploads\/2023\/03\/Nhan-ket-qua-thanh-cong-2048x1365.jpg 2048w\" sizes=\"(max-width: 768px) 100vw, 768px\" \/><\/noscript><\/div><\/a>\r\n\t\t\t\t<div class=\"elementor-post__text\">\r\n\t\t\t\t<h2 class=\"elementor-post__title\">\r\n\t\t\t<a href=\"https:\/\/buiimmigration.alothai.com\/en\/lao-dong-xin-giay-phep-lao-dong-work-permit\/\" >\r\n\t\t\t\tNg\u01b0\u1eddi lao \u0111\u1ed9ng xin Gi\u1ea5y ph\u00e9p lao \u0111\u1ed9ng (Work Permit)\t\t\t<\/a>\r\n\t\t<\/h2>\r\n\t\t\t\t<div class=\"elementor-post__excerpt\">\r\n\t\t\t<p>Gi\u1edbi thi\u1ec7u \u0110i\u1ec1u ki\u1ec7n t\u1ed1i thi\u1ec3u Sau khi b\u1ea1n \u0111\u00e1p \u1ee9ng c\u00e1c y\u00eau c\u1ea7u tr\u00ean, b\u1ea1n c\u00f3 th\u1ec3 n\u1ed9p \u0111\u01a1n xin Gi\u1ea5y ph\u00e9p lao \u0111\u1ed9ng<\/p>\n\t\t<\/div>\r\n\t\t\r\n\t\t<a class=\"elementor-post__read-more\" href=\"https:\/\/buiimmigration.alothai.com\/en\/lao-dong-xin-giay-phep-lao-dong-work-permit\/\" aria-label=\"Read more about Ng\u01b0\u1eddi lao \u0111\u1ed9ng xin Gi\u1ea5y ph\u00e9p lao \u0111\u1ed9ng (Work Permit)\" tabindex=\"-1\" >\r\n\t\t\tT\u00ecm hi\u1ec3u ngay \u00bb\t\t<\/a>\r\n\r\n\t\t\t\t<\/div>\r\n\t\t\t\t\t<\/div>\r\n\t\t<\/article>\r\n\t\t\t\t<article class=\"elementor-post elementor-grid-item post-499 post type-post status-publish format-standard has-post-thumbnail hentry category-chuong-trinh-dinh-cu-canada category-dinh-cu-canada-theo-dien-di-lam-cho-nguoi-lao-dong-o-viet-nam\" role=\"listitem\">\r\n\t\t\t<div class=\"elementor-post__card\">\r\n\t\t\t\t<a class=\"elementor-post__thumbnail__link\" href=\"https:\/\/buiimmigration.alothai.com\/en\/de-cu-tinh-bang-provincial-nomination-program\/\" tabindex=\"-1\" ><div class=\"elementor-post__thumbnail\"><img decoding=\"async\" width=\"768\" height=\"512\" src=\"data:image\/gif;base64,R0lGODlhAQABAIAAAAAAAP\/\/\/yH5BAEAAAAALAAAAAABAAEAAAIBRAA7\" data-src=\"https:\/\/buiimmigration.alothai.com\/wp-content\/uploads\/2023\/03\/Anh-office-768x512.jpg\" class=\"attachment-medium_large size-medium_large wp-image-755 lazyload\" alt=\"\" data-srcset=\"https:\/\/buiimmigration.alothai.com\/wp-content\/uploads\/2023\/03\/Anh-office-768x512.jpg 768w, https:\/\/buiimmigration.alothai.com\/wp-content\/uploads\/2023\/03\/Anh-office-300x200.jpg 300w, https:\/\/buiimmigration.alothai.com\/wp-content\/uploads\/2023\/03\/Anh-office-1024x683.jpg 1024w, https:\/\/buiimmigration.alothai.com\/wp-content\/uploads\/2023\/03\/Anh-office-1536x1024.jpg 1536w, https:\/\/buiimmigration.alothai.com\/wp-content\/uploads\/2023\/03\/Anh-office-2048x1365.jpg 2048w\" sizes=\"(max-width: 768px) 100vw, 768px\" \/><noscript><img loading=\"lazy\" decoding=\"async\" width=\"768\" height=\"512\" src=\"https:\/\/buiimmigration.alothai.com\/wp-content\/uploads\/2023\/03\/Anh-office-768x512.jpg\" class=\"attachment-medium_large size-medium_large wp-image-755 lazyload\" alt=\"\" srcset=\"https:\/\/buiimmigration.alothai.com\/wp-content\/uploads\/2023\/03\/Anh-office-768x512.jpg 768w, https:\/\/buiimmigration.alothai.com\/wp-content\/uploads\/2023\/03\/Anh-office-300x200.jpg 300w, https:\/\/buiimmigration.alothai.com\/wp-content\/uploads\/2023\/03\/Anh-office-1024x683.jpg 1024w, https:\/\/buiimmigration.alothai.com\/wp-content\/uploads\/2023\/03\/Anh-office-1536x1024.jpg 1536w, https:\/\/buiimmigration.alothai.com\/wp-content\/uploads\/2023\/03\/Anh-office-2048x1365.jpg 2048w\" sizes=\"(max-width: 768px) 100vw, 768px\" \/><\/noscript><\/div><\/a>\r\n\t\t\t\t<div class=\"elementor-post__text\">\r\n\t\t\t\t<h2 class=\"elementor-post__title\">\r\n\t\t\t<a href=\"https:\/\/buiimmigration.alothai.com\/en\/de-cu-tinh-bang-provincial-nomination-program\/\" >\r\n\t\t\t\t\u0110\u1ecbnh c\u01b0 theo \u0111\u1ec1 c\u1eed t\u1ec9nh bang (Provincial Nomination Program)\t\t\t<\/a>\r\n\t\t<\/h2>\r\n\t\t\t\t<div class=\"elementor-post__excerpt\">\r\n\t\t\t<p>A. Ch\u01b0\u01a1ng tr\u00ecnh \u0111\u1ec1 c\u1eed t\u1ec9nh bang cho ng\u01b0\u1eddi nh\u1eadp c\u01b0 Alberta (Alberta Immigrant Nominee Program) (AINP) Gi\u1edbi thi\u1ec7u \u0110i\u1ec1u ki\u1ec7n t\u1ed1i thi\u1ec3u Alberta Opportunity<\/p>\n\t\t<\/div>\r\n\t\t\r\n\t\t<a class=\"elementor-post__read-more\" href=\"https:\/\/buiimmigration.alothai.com\/en\/de-cu-tinh-bang-provincial-nomination-program\/\" aria-label=\"Read more about \u0110\u1ecbnh c\u01b0 theo \u0111\u1ec1 c\u1eed t\u1ec9nh bang (Provincial Nomination Program)\" tabindex=\"-1\" >\r\n\t\t\tT\u00ecm hi\u1ec3u ngay \u00bb\t\t<\/a>\r\n\r\n\t\t\t\t<\/div>\r\n\t\t\t\t\t<\/div>\r\n\t\t<\/article>\r\n\t\t\t\t<article class=\"elementor-post elementor-grid-item post-497 post type-post status-publish format-standard has-post-thumbnail hentry category-chuong-trinh-dinh-cu-canada category-dinh-cu-canada-theo-dien-di-lam-cho-nguoi-lao-dong-o-viet-nam\" role=\"listitem\">\r\n\t\t\t<div class=\"elementor-post__card\">\r\n\t\t\t\t<a class=\"elementor-post__thumbnail__link\" href=\"https:\/\/buiimmigration.alothai.com\/en\/federal-skilled-worker-express-entry\/\" tabindex=\"-1\" ><div class=\"elementor-post__thumbnail\"><img loading=\"lazy\" decoding=\"async\" width=\"768\" height=\"512\" src=\"data:image\/gif;base64,R0lGODlhAQABAIAAAAAAAP\/\/\/yH5BAEAAAAALAAAAAABAAEAAAIBRAA7\" data-src=\"https:\/\/buiimmigration.alothai.com\/wp-content\/uploads\/2023\/03\/Anh-skilled-workers-768x512.jpg\" class=\"attachment-medium_large size-medium_large wp-image-753 lazyload\" alt=\"\" data-srcset=\"https:\/\/buiimmigration.alothai.com\/wp-content\/uploads\/2023\/03\/Anh-skilled-workers-768x512.jpg 768w, https:\/\/buiimmigration.alothai.com\/wp-content\/uploads\/2023\/03\/Anh-skilled-workers-300x200.jpg 300w, https:\/\/buiimmigration.alothai.com\/wp-content\/uploads\/2023\/03\/Anh-skilled-workers-1024x682.jpg 1024w, https:\/\/buiimmigration.alothai.com\/wp-content\/uploads\/2023\/03\/Anh-skilled-workers-1536x1024.jpg 1536w, https:\/\/buiimmigration.alothai.com\/wp-content\/uploads\/2023\/03\/Anh-skilled-workers-2048x1365.jpg 2048w\" sizes=\"(max-width: 768px) 100vw, 768px\" \/><noscript><img loading=\"lazy\" decoding=\"async\" width=\"768\" height=\"512\" src=\"https:\/\/buiimmigration.alothai.com\/wp-content\/uploads\/2023\/03\/Anh-skilled-workers-768x512.jpg\" class=\"attachment-medium_large size-medium_large wp-image-753 lazyload\" alt=\"\" srcset=\"https:\/\/buiimmigration.alothai.com\/wp-content\/uploads\/2023\/03\/Anh-skilled-workers-768x512.jpg 768w, https:\/\/buiimmigration.alothai.com\/wp-content\/uploads\/2023\/03\/Anh-skilled-workers-300x200.jpg 300w, https:\/\/buiimmigration.alothai.com\/wp-content\/uploads\/2023\/03\/Anh-skilled-workers-1024x682.jpg 1024w, https:\/\/buiimmigration.alothai.com\/wp-content\/uploads\/2023\/03\/Anh-skilled-workers-1536x1024.jpg 1536w, https:\/\/buiimmigration.alothai.com\/wp-content\/uploads\/2023\/03\/Anh-skilled-workers-2048x1365.jpg 2048w\" sizes=\"(max-width: 768px) 100vw, 768px\" \/><\/noscript><\/div><\/a>\r\n\t\t\t\t<div class=\"elementor-post__text\">\r\n\t\t\t\t<h2 class=\"elementor-post__title\">\r\n\t\t\t<a href=\"https:\/\/buiimmigration.alothai.com\/en\/federal-skilled-worker-express-entry\/\" >\r\n\t\t\t\tC\u00f4ng nh\u00e2n l\u00e0nh ngh\u1ec1 Li\u00ean bang (Federal Skilled Worker &#8211; Express Entry)\t\t\t<\/a>\r\n\t\t<\/h2>\r\n\t\t\t\t<div class=\"elementor-post__excerpt\">\r\n\t\t\t<p>Gi\u1edbi thi\u1ec7u v\u1ec1 ch\u01b0\u01a1ng tr\u00ecnh Express Entry \u0110i\u1ec1u ki\u1ec7n t\u1ed1i thi\u1ec3u Sau khi \u0111\u00e1p \u1ee9ng c\u00e1c y\u00eau c\u1ea7u c\u01a1 b\u1ea3n, b\u1ea1n s\u1ebd \u0111\u01b0\u1ee3c \u0111\u00e1nh gi\u00e1<\/p>\n\t\t<\/div>\r\n\t\t\r\n\t\t<a class=\"elementor-post__read-more\" href=\"https:\/\/buiimmigration.alothai.com\/en\/federal-skilled-worker-express-entry\/\" aria-label=\"Read more about C\u00f4ng nh\u00e2n l\u00e0nh ngh\u1ec1 Li\u00ean bang (Federal Skilled Worker &#8211; Express Entry)\" tabindex=\"-1\" >\r\n\t\t\tT\u00ecm hi\u1ec3u ngay \u00bb\t\t<\/a>\r\n\r\n\t\t\t\t<\/div>\r\n\t\t\t\t\t<\/div>\r\n\t\t<\/article>\r\n\t\t\t\t<\/div>\r\n\t\t\r\n\t\t\t\t\t\t<\/div>\n\t\t\t\t<\/div>\n\t\t\t\t\t<\/div>\n\t\t\t\t<\/div>\n\t\t\t\t<\/div>","protected":false},"excerpt":{"rendered":"<p>M\u1ed9t trong nh\u1eefng l\u00fd do gi\u00fap Canada thu h\u00fat \u0111\u01b0\u1ee3c nhi\u1ec1u ng\u01b0\u1eddi lao \u0111\u1ed9ng c\u00f3 tay ngh\u1ec1 cao ch\u00ednh l\u00e0 v\u00ec ch\u00ednh s\u00e1ch \u0111\u1ecbnh c\u01b0 di\u1ec7n tay ngh\u1ec1 c\u1ee7a \u0111\u1ea5t n\u01b0\u1edbc n\u00e0y v\u00f4 c\u00f9ng \u0111a d\u1ea1ng<\/p>","protected":false},"author":1,"featured_media":0,"parent":0,"menu_order":0,"comment_status":"closed","ping_status":"closed","template":"","meta":{"footnotes":""},"class_list":["post-544","page","type-page","status-publish","hentry"],"acf":[],"_links":{"self":[{"href":"https:\/\/buiimmigration.alothai.com\/en\/wp-json\/wp\/v2\/pages\/544","targetHints":{"allow":["GET"]}}],"collection":[{"href":"https:\/\/buiimmigration.alothai.com\/en\/wp-json\/wp\/v2\/pages"}],"about":[{"href":"https:\/\/buiimmigration.alothai.com\/en\/wp-json\/wp\/v2\/types\/page"}],"author":[{"embeddable":true,"href":"https:\/\/buiimmigration.alothai.com\/en\/wp-json\/wp\/v2\/users\/1"}],"replies":[{"embeddable":true,"href":"https:\/\/buiimmigration.alothai.com\/en\/wp-json\/wp\/v2\/comments?post=544"}],"version-history":[{"count":33,"href":"https:\/\/buiimmigration.alothai.com\/en\/wp-json\/wp\/v2\/pages\/544\/revisions"}],"predecessor-version":[{"id":2125,"href":"https:\/\/buiimmigration.alothai.com\/en\/wp-json\/wp\/v2\/pages\/544\/revisions\/2125"}],"wp:attachment":[{"href":"https:\/\/buiimmigration.alothai.com\/en\/wp-json\/wp\/v2\/media?parent=544"}],"curies":[{"name":"wp","href":"https:\/\/api.w.org\/{rel}","templated":true}]}}