{"id":408,"date":"2023-03-22T22:15:36","date_gmt":"2023-03-22T22:15:36","guid":{"rendered":"https:\/\/buiimmigration.alothai.com\/?page_id=408"},"modified":"2026-05-13T00:57:05","modified_gmt":"2026-05-13T04:57:05","slug":"dinh-cu-canada-theo-dien-dau-tu","status":"publish","type":"page","link":"https:\/\/buiimmigration.alothai.com\/zh\/%e5%8a%a0%e6%8b%bf%e5%a4%a7\/","title":{"rendered":"\u52a0\u62ff\u5927\u6295\u8d44\u8005\u548c\u4f01\u4e1a\u5bb6\u79fb\u6c11\u5c40"},"content":{"rendered":"<div data-elementor-type=\"wp-page\" data-elementor-id=\"408\" class=\"elementor elementor-408\" data-elementor-post-type=\"page\">\n\t\t\t\t<div class=\"elementor-element elementor-element-09f4a7c e-flex e-con-boxed e-con e-parent\" data-id=\"09f4a7c\" data-element_type=\"container\" data-e-type=\"container\" data-settings=\"{&quot;background_background&quot;:&quot;classic&quot;}\">\n\t\t\t\t\t<div class=\"e-con-inner\">\n\t\t\t\t\t<\/div>\n\t\t\t\t<\/div>\n\t\t<div class=\"elementor-element elementor-element-6f95b6f e-flex e-con-boxed e-con e-parent\" data-id=\"6f95b6f\" data-element_type=\"container\" data-e-type=\"container\">\n\t\t\t\t\t<div class=\"e-con-inner\">\n\t\t\t\t<div class=\"elementor-element elementor-element-150e314 elementor-widget elementor-widget-heading\" data-id=\"150e314\" data-element_type=\"widget\" data-e-type=\"widget\" data-widget_type=\"heading.default\">\n\t\t\t\t<div class=\"elementor-widget-container\">\n\t\t\t\t\t<h1 class=\"elementor-heading-title elementor-size-default\">\u52a0\u62ff\u5927\u6295\u8d44\u8005\u548c\u4f01\u4e1a\u5bb6\u79fb\u6c11\u5c40<\/h1>\t\t\t\t<\/div>\n\t\t\t\t<\/div>\n\t\t<div class=\"elementor-element elementor-element-5409db7 e-flex e-con-boxed e-con e-child\" data-id=\"5409db7\" data-element_type=\"container\" data-e-type=\"container\">\n\t\t\t\t\t<div class=\"e-con-inner\">\n\t\t\t\t<div class=\"elementor-element elementor-element-bbb982f elementor-widget elementor-widget-text-editor\" data-id=\"bbb982f\" data-element_type=\"widget\" data-e-type=\"widget\" data-widget_type=\"text-editor.default\">\n\t\t\t\t<div class=\"elementor-widget-container\">\n\t\t\t\t\t\t\t\t\t<p>\u6295\u8d44\u8005\u79fb\u6c11\u8ba1\u5212\uff08\u4e5f\u79f0\u4e3a\u52a0\u62ff\u5927\u6295\u8d44\uff09\u662f\u7b26\u5408\u52a0\u62ff\u5927\u653f\u5e9c\u89c4\u5b9a\u7684\u6761\u4ef6\u7684\u8d8a\u5357\u4f01\u4e1a\u5bb6\u548c\u6295\u8d44\u8005\u7684\u5b98\u65b9\u548c\u5b89\u5168\u7684\u52a0\u62ff\u5927\u79fb\u6c11\u9014\u5f84\u4e4b\u4e00\u3002<br \/>\u52a0\u62ff\u5927\u79fb\u6c11\u8ba1\u5212\u9488\u5bf9\u603b\u8d44\u4ea7\u81f3\u5c11\u4e3a $500,000 \u52a0\u5143\uff08\u76f8\u5f53\u4e8e 90 \u4ebf\u8d8a\u5357\u76fe\uff09\u7684\u4f01\u4e1a\u4e3b\u548c\u6295\u8d44\u8005\u3002\u8981\u6c42\u6709\u4f01\u4e1a\u8fd0\u8425\u7ba1\u7406\u7ecf\u9a8c\uff0c\u6210\u529f\u6295\u8d44\u6216\u613f\u610f\u5728\u52a0\u62ff\u5927\u6295\u8d44\u81f3\u5c11$150,000\u52a0\u5143\uff08\u76f8\u5f53\u4e8e25\u4ebf\u8d8a\u5357\u76fe\uff09\u3002<\/p>\t\t\t\t\t\t\t\t<\/div>\n\t\t\t\t<\/div>\n\t\t\t\t\t<\/div>\n\t\t\t\t<\/div>\n\t\t\t\t<div class=\"elementor-element elementor-element-e784776 elementor-grid-2 elementor-grid-tablet-2 elementor-grid-mobile-1 elementor-posts--thumbnail-top elementor-card-shadow-yes elementor-posts__hover-gradient elementor-widget elementor-widget-posts\" data-id=\"e784776\" data-element_type=\"widget\" data-e-type=\"widget\" data-settings=\"{&quot;cards_columns&quot;:&quot;2&quot;,&quot;cards_columns_tablet&quot;:&quot;2&quot;,&quot;cards_columns_mobile&quot;:&quot;1&quot;,&quot;cards_row_gap&quot;:{&quot;unit&quot;:&quot;px&quot;,&quot;size&quot;:35,&quot;sizes&quot;:[]},&quot;cards_row_gap_tablet&quot;:{&quot;unit&quot;:&quot;px&quot;,&quot;size&quot;:&quot;&quot;,&quot;sizes&quot;:[]},&quot;cards_row_gap_mobile&quot;:{&quot;unit&quot;:&quot;px&quot;,&quot;size&quot;:&quot;&quot;,&quot;sizes&quot;:[]}}\" data-widget_type=\"posts.cards\">\n\t\t\t\t<div class=\"elementor-widget-container\">\n\t\t\t\t\t\t\t<div class=\"elementor-posts-container elementor-posts elementor-posts--skin-cards elementor-grid\" role=\"list\">\r\n\t\t\t\t<article class=\"elementor-post elementor-grid-item post-2111 dich-vu type-dich-vu status-publish has-post-thumbnail hentry danh-muc-dich-vu-dinh-cu-canada-theo-dien-dau-tu\" role=\"listitem\">\r\n\t\t\t<div class=\"elementor-post__card\">\r\n\t\t\t\t<a class=\"elementor-post__thumbnail__link\" href=\"https:\/\/buiimmigration.alothai.com\/zh\/dich-vu\/dinh-cu-khoi-nghiep-ve-cong-nguyen-%e5%90%af%e5%8a%a8%e7%ad%be%e8%af%81\/\" tabindex=\"-1\"><div class=\"elementor-post__thumbnail\"><img fetchpriority=\"high\" decoding=\"async\" width=\"1920\" height=\"1280\" src=\"data:image\/gif;base64,R0lGODlhAQABAIAAAAAAAP\/\/\/yH5BAEAAAAALAAAAAABAAEAAAIBRAA7\" data-src=\"https:\/\/buiimmigration.alothai.com\/wp-content\/uploads\/2023\/03\/aditya-chinchure-2YRocbpCVeY-unsplash.jpg\" class=\"attachment-full size-full wp-image-94 lazyload\" alt=\"\u521b\u4e1a\u7b7e\u8bc1\" data-srcset=\"https:\/\/buiimmigration.alothai.com\/wp-content\/uploads\/2023\/03\/aditya-chinchure-2YRocbpCVeY-unsplash.jpg 1920w, https:\/\/buiimmigration.alothai.com\/wp-content\/uploads\/2023\/03\/aditya-chinchure-2YRocbpCVeY-unsplash-300x200.jpg 300w, https:\/\/buiimmigration.alothai.com\/wp-content\/uploads\/2023\/03\/aditya-chinchure-2YRocbpCVeY-unsplash-1024x683.jpg 1024w, https:\/\/buiimmigration.alothai.com\/wp-content\/uploads\/2023\/03\/aditya-chinchure-2YRocbpCVeY-unsplash-768x512.jpg 768w, https:\/\/buiimmigration.alothai.com\/wp-content\/uploads\/2023\/03\/aditya-chinchure-2YRocbpCVeY-unsplash-1536x1024.jpg 1536w\" sizes=\"(max-width: 1920px) 100vw, 1920px\" \/><noscript><img decoding=\"async\" width=\"1920\" height=\"1280\" src=\"https:\/\/buiimmigration.alothai.com\/wp-content\/uploads\/2023\/03\/aditya-chinchure-2YRocbpCVeY-unsplash.jpg\" class=\"attachment-full size-full wp-image-94 lazyload\" alt=\"\u521b\u4e1a\u7b7e\u8bc1\" srcset=\"https:\/\/buiimmigration.alothai.com\/wp-content\/uploads\/2023\/03\/aditya-chinchure-2YRocbpCVeY-unsplash.jpg 1920w, https:\/\/buiimmigration.alothai.com\/wp-content\/uploads\/2023\/03\/aditya-chinchure-2YRocbpCVeY-unsplash-300x200.jpg 300w, https:\/\/buiimmigration.alothai.com\/wp-content\/uploads\/2023\/03\/aditya-chinchure-2YRocbpCVeY-unsplash-1024x683.jpg 1024w, https:\/\/buiimmigration.alothai.com\/wp-content\/uploads\/2023\/03\/aditya-chinchure-2YRocbpCVeY-unsplash-768x512.jpg 768w, https:\/\/buiimmigration.alothai.com\/wp-content\/uploads\/2023\/03\/aditya-chinchure-2YRocbpCVeY-unsplash-1536x1024.jpg 1536w\" sizes=\"(max-width: 1920px) 100vw, 1920px\" \/><\/noscript><\/div><\/a>\r\n\t\t\t\t<div class=\"elementor-post__text\">\r\n\t\t\t\t<h2 class=\"elementor-post__title\">\r\n\t\t\t<a href=\"https:\/\/buiimmigration.alothai.com\/zh\/dich-vu\/dinh-cu-khoi-nghiep-ve-cong-nguyen-%e5%90%af%e5%8a%a8%e7%ad%be%e8%af%81\/\">\r\n\t\t\t\t\u6280\u672f\u521d\u521b\u516c\u53f8\u7684\u5b9a\u5c45\uff08\u521d\u521b\u7b7e\u8bc1\uff09\t\t\t<\/a>\r\n\t\t<\/h2>\r\n\t\t\t\t<div class=\"elementor-post__excerpt\">\r\n\t\t\t<p>Ch\u01b0\u01a1ng tr\u00ecnh Start-up Visa (SUV) c\u1ee7a Canada l\u00e0 m\u1ed9t ch\u01b0\u01a1ng tr\u00ecnh \u0111\u1ecbnh c\u01b0 \u0111\u1ea7u t\u01b0 cho ph\u00e9p nh\u00e0 \u0111\u1ea7u t\u01b0 n\u01b0\u1edbc ngo\u00e0i \u0111\u1ea7u t\u01b0 v\u00e0o m\u1ed9t doanh nghi\u1ec7p kh\u1edfi nghi\u1ec7p t\u1ea1i Canada, t\u1eeb \u0111\u00f3 \u0111\u01b0\u1ee3c c\u1ea5p visa l\u00e0m vi\u1ec7c v\u00e0<\/p>\n\t\t<\/div>\r\n\t\t\r\n\t\t<a class=\"elementor-post__read-more\" href=\"https:\/\/buiimmigration.alothai.com\/zh\/dich-vu\/dinh-cu-khoi-nghiep-ve-cong-nguyen-%e5%90%af%e5%8a%a8%e7%ad%be%e8%af%81\/\" aria-label=\"Read more about \u0110\u1ecbnh c\u01b0 Kh\u1edfi Nghi\u1ec7p v\u1ec1 C\u00f4ng Ngh\u1ec7 (Start-up Visa)\" tabindex=\"-1\">\r\n\t\t\t\u9a6c\u4e0a\u53bb\u67e5 \u201d\t\t<\/a>\r\n\r\n\t\t\t\t<\/div>\r\n\t\t\t\t\t<\/div>\r\n\t\t<\/article>\r\n\t\t\t\t<article class=\"elementor-post elementor-grid-item post-2109 dich-vu type-dich-vu status-publish has-post-thumbnail hentry danh-muc-dich-vu-dinh-cu-canada-theo-dien-dau-tu\" role=\"listitem\">\r\n\t\t\t<div class=\"elementor-post__card\">\r\n\t\t\t\t<a class=\"elementor-post__thumbnail__link\" href=\"https:\/\/buiimmigration.alothai.com\/zh\/dich-vu\/cong-ty-viet-nam-mo-rong-chi-nhanh-hoat-dong-o-canada-intra-company-transferees-ict\/\" tabindex=\"-1\"><div class=\"elementor-post__thumbnail\"><img decoding=\"async\" width=\"1920\" height=\"1439\" src=\"data:image\/gif;base64,R0lGODlhAQABAIAAAAAAAP\/\/\/yH5BAEAAAAALAAAAAABAAEAAAIBRAA7\" data-src=\"https:\/\/buiimmigration.alothai.com\/wp-content\/uploads\/2023\/03\/derek-sutton-uouH1bGxeeU-unsplash.jpg\" class=\"attachment-full size-full wp-image-162 lazyload\" alt=\"\u516c\u53f8\u5185\u90e8\u8c03\u52a8\u4eba\u5458\uff08ICT\uff09\" data-srcset=\"https:\/\/buiimmigration.alothai.com\/wp-content\/uploads\/2023\/03\/derek-sutton-uouH1bGxeeU-unsplash.jpg 1920w, https:\/\/buiimmigration.alothai.com\/wp-content\/uploads\/2023\/03\/derek-sutton-uouH1bGxeeU-unsplash-300x225.jpg 300w, https:\/\/buiimmigration.alothai.com\/wp-content\/uploads\/2023\/03\/derek-sutton-uouH1bGxeeU-unsplash-1024x767.jpg 1024w, https:\/\/buiimmigration.alothai.com\/wp-content\/uploads\/2023\/03\/derek-sutton-uouH1bGxeeU-unsplash-768x576.jpg 768w, https:\/\/buiimmigration.alothai.com\/wp-content\/uploads\/2023\/03\/derek-sutton-uouH1bGxeeU-unsplash-1536x1151.jpg 1536w\" sizes=\"(max-width: 1920px) 100vw, 1920px\" \/><noscript><img loading=\"lazy\" decoding=\"async\" width=\"1920\" height=\"1439\" src=\"https:\/\/buiimmigration.alothai.com\/wp-content\/uploads\/2023\/03\/derek-sutton-uouH1bGxeeU-unsplash.jpg\" class=\"attachment-full size-full wp-image-162 lazyload\" alt=\"\u516c\u53f8\u5185\u90e8\u8c03\u52a8\u4eba\u5458\uff08ICT\uff09\" srcset=\"https:\/\/buiimmigration.alothai.com\/wp-content\/uploads\/2023\/03\/derek-sutton-uouH1bGxeeU-unsplash.jpg 1920w, https:\/\/buiimmigration.alothai.com\/wp-content\/uploads\/2023\/03\/derek-sutton-uouH1bGxeeU-unsplash-300x225.jpg 300w, https:\/\/buiimmigration.alothai.com\/wp-content\/uploads\/2023\/03\/derek-sutton-uouH1bGxeeU-unsplash-1024x767.jpg 1024w, https:\/\/buiimmigration.alothai.com\/wp-content\/uploads\/2023\/03\/derek-sutton-uouH1bGxeeU-unsplash-768x576.jpg 768w, https:\/\/buiimmigration.alothai.com\/wp-content\/uploads\/2023\/03\/derek-sutton-uouH1bGxeeU-unsplash-1536x1151.jpg 1536w\" sizes=\"(max-width: 1920px) 100vw, 1920px\" \/><\/noscript><\/div><\/a>\r\n\t\t\t\t<div class=\"elementor-post__text\">\r\n\t\t\t\t<h2 class=\"elementor-post__title\">\r\n\t\t\t<a href=\"https:\/\/buiimmigration.alothai.com\/zh\/dich-vu\/cong-ty-viet-nam-mo-rong-chi-nhanh-hoat-dong-o-canada-intra-company-transferees-ict\/\">\r\n\t\t\t\t\u8d8a\u5357\u516c\u53f8\u6269\u5927\u5728\u52a0\u62ff\u5927\u7684\u5206\u652f\u673a\u6784\uff08Intra Company Transferees, ICT\uff09\t\t\t<\/a>\r\n\t\t<\/h2>\r\n\t\t\t\t<div class=\"elementor-post__excerpt\">\r\n\t\t\t\t\t<\/div>\r\n\t\t\r\n\t\t<a class=\"elementor-post__read-more\" href=\"https:\/\/buiimmigration.alothai.com\/zh\/dich-vu\/cong-ty-viet-nam-mo-rong-chi-nhanh-hoat-dong-o-canada-intra-company-transferees-ict\/\" aria-label=\"Read more about C\u00f4ng ty Vi\u1ec7t Nam m\u1edf r\u1ed9ng chi nh\u00e1nh ho\u1ea1t \u0111\u1ed9ng \u1edf Canada (Intra Company Transferees, ICT)\" tabindex=\"-1\">\r\n\t\t\t\u9a6c\u4e0a\u53bb\u67e5 \u201d\t\t<\/a>\r\n\r\n\t\t\t\t<\/div>\r\n\t\t\t\t\t<\/div>\r\n\t\t<\/article>\r\n\t\t\t\t<article class=\"elementor-post elementor-grid-item post-2087 dich-vu type-dich-vu status-publish has-post-thumbnail hentry danh-muc-dich-vu-dinh-cu-canada-theo-dien-dau-tu\" role=\"listitem\">\r\n\t\t\t<div class=\"elementor-post__card\">\r\n\t\t\t\t<a class=\"elementor-post__thumbnail__link\" href=\"https:\/\/buiimmigration.alothai.com\/zh\/dich-vu\/dau-tu-vao-canada-theo-hiep-dinh-thuong-mai-cptpp-investor\/\" tabindex=\"-1\"><div class=\"elementor-post__thumbnail\"><img loading=\"lazy\" decoding=\"async\" width=\"1920\" height=\"1283\" src=\"data:image\/gif;base64,R0lGODlhAQABAIAAAAAAAP\/\/\/yH5BAEAAAAALAAAAAABAAEAAAIBRAA7\" data-src=\"https:\/\/buiimmigration.alothai.com\/wp-content\/uploads\/2023\/03\/redd-f-gdQnsMbhkUs-unsplash.jpg\" class=\"attachment-full size-full wp-image-101 lazyload\" alt=\"\u79fb\u6c11\u5c40\" data-srcset=\"https:\/\/buiimmigration.alothai.com\/wp-content\/uploads\/2023\/03\/redd-f-gdQnsMbhkUs-unsplash.jpg 1920w, https:\/\/buiimmigration.alothai.com\/wp-content\/uploads\/2023\/03\/redd-f-gdQnsMbhkUs-unsplash-300x200.jpg 300w, https:\/\/buiimmigration.alothai.com\/wp-content\/uploads\/2023\/03\/redd-f-gdQnsMbhkUs-unsplash-1024x684.jpg 1024w, https:\/\/buiimmigration.alothai.com\/wp-content\/uploads\/2023\/03\/redd-f-gdQnsMbhkUs-unsplash-768x513.jpg 768w, https:\/\/buiimmigration.alothai.com\/wp-content\/uploads\/2023\/03\/redd-f-gdQnsMbhkUs-unsplash-1536x1026.jpg 1536w\" sizes=\"(max-width: 1920px) 100vw, 1920px\" \/><noscript><img loading=\"lazy\" decoding=\"async\" width=\"1920\" height=\"1283\" src=\"https:\/\/buiimmigration.alothai.com\/wp-content\/uploads\/2023\/03\/redd-f-gdQnsMbhkUs-unsplash.jpg\" class=\"attachment-full size-full wp-image-101 lazyload\" alt=\"\u79fb\u6c11\u5c40\" srcset=\"https:\/\/buiimmigration.alothai.com\/wp-content\/uploads\/2023\/03\/redd-f-gdQnsMbhkUs-unsplash.jpg 1920w, https:\/\/buiimmigration.alothai.com\/wp-content\/uploads\/2023\/03\/redd-f-gdQnsMbhkUs-unsplash-300x200.jpg 300w, https:\/\/buiimmigration.alothai.com\/wp-content\/uploads\/2023\/03\/redd-f-gdQnsMbhkUs-unsplash-1024x684.jpg 1024w, https:\/\/buiimmigration.alothai.com\/wp-content\/uploads\/2023\/03\/redd-f-gdQnsMbhkUs-unsplash-768x513.jpg 768w, https:\/\/buiimmigration.alothai.com\/wp-content\/uploads\/2023\/03\/redd-f-gdQnsMbhkUs-unsplash-1536x1026.jpg 1536w\" sizes=\"(max-width: 1920px) 100vw, 1920px\" \/><\/noscript><\/div><\/a>\r\n\t\t\t\t<div class=\"elementor-post__text\">\r\n\t\t\t\t<h2 class=\"elementor-post__title\">\r\n\t\t\t<a href=\"https:\/\/buiimmigration.alothai.com\/zh\/dich-vu\/dau-tu-vao-canada-theo-hiep-dinh-thuong-mai-cptpp-investor\/\">\r\n\t\t\t\t\u6839\u636e\u8d38\u6613\u534f\u5b9a\u5728\u52a0\u62ff\u5927\u6295\u8d44\uff08CPTPP \u6295\u8d44\u8005\uff09\t\t\t<\/a>\r\n\t\t<\/h2>\r\n\t\t\t\t<div class=\"elementor-post__excerpt\">\r\n\t\t\t<p>Trong ch\u01b0\u01a1ng tr\u00ecnh CPTPP, c\u00e1c nh\u00e0 \u0111\u1ea7u t\u01b0 Canada c\u00f3 th\u1ec3 \u0111\u1ea7u t\u01b0 t\u1ea1i Vi\u1ec7t Nam v\u00e0 ng\u01b0\u1ee3c l\u1ea1i. \u0110i\u1ec1u n\u00e0y c\u00f3 ngh\u0129a l\u00e0 ng\u01b0\u1eddi Vi\u1ec7t Nam c\u00f3 th\u1ec3 l\u00e0 nh\u00e0 \u0111\u1ea7u t\u01b0 trong c\u00e1c c\u00f4ng ty t\u1ea1i Canada th\u00f4ng<\/p>\n\t\t<\/div>\r\n\t\t\r\n\t\t<a class=\"elementor-post__read-more\" href=\"https:\/\/buiimmigration.alothai.com\/zh\/dich-vu\/dau-tu-vao-canada-theo-hiep-dinh-thuong-mai-cptpp-investor\/\" aria-label=\"Read more about \u0110\u1ea7u t\u01b0 v\u00e0o Canada theo Hi\u1ec7p \u0110\u1ecbnh Th\u01b0\u01a1ng M\u1ea1i (CPTPP Investor)\" tabindex=\"-1\">\r\n\t\t\t\u9a6c\u4e0a\u53bb\u67e5 \u201d\t\t<\/a>\r\n\r\n\t\t\t\t<\/div>\r\n\t\t\t\t\t<\/div>\r\n\t\t<\/article>\r\n\t\t\t\t<article class=\"elementor-post elementor-grid-item post-2068 dich-vu type-dich-vu status-publish has-post-thumbnail hentry danh-muc-dich-vu-dinh-cu-canada-theo-dien-dau-tu\" role=\"listitem\">\r\n\t\t\t<div class=\"elementor-post__card\">\r\n\t\t\t\t<a class=\"elementor-post__thumbnail__link\" href=\"https:\/\/buiimmigration.alothai.com\/zh\/dich-vu\/12-chuong-trinh-dinh-cu-theo-de-cu-tinh-bang-entrepreneur-provincial-nomination-pnp\/\" tabindex=\"-1\"><div class=\"elementor-post__thumbnail\"><img loading=\"lazy\" decoding=\"async\" width=\"1920\" height=\"1277\" src=\"data:image\/gif;base64,R0lGODlhAQABAIAAAAAAAP\/\/\/yH5BAEAAAAALAAAAAABAAEAAAIBRAA7\" data-src=\"https:\/\/buiimmigration.alothai.com\/wp-content\/uploads\/2023\/03\/bruno-soares-Pa8ofq11OGg-unsplash.jpg\" class=\"attachment-full size-full wp-image-159 lazyload\" alt=\"\u4f01\u4e1a\u5bb6\u7701\u63d0\u540d\" data-srcset=\"https:\/\/buiimmigration.alothai.com\/wp-content\/uploads\/2023\/03\/bruno-soares-Pa8ofq11OGg-unsplash.jpg 1920w, https:\/\/buiimmigration.alothai.com\/wp-content\/uploads\/2023\/03\/bruno-soares-Pa8ofq11OGg-unsplash-300x200.jpg 300w, https:\/\/buiimmigration.alothai.com\/wp-content\/uploads\/2023\/03\/bruno-soares-Pa8ofq11OGg-unsplash-1024x681.jpg 1024w, https:\/\/buiimmigration.alothai.com\/wp-content\/uploads\/2023\/03\/bruno-soares-Pa8ofq11OGg-unsplash-768x511.jpg 768w, https:\/\/buiimmigration.alothai.com\/wp-content\/uploads\/2023\/03\/bruno-soares-Pa8ofq11OGg-unsplash-1536x1022.jpg 1536w\" sizes=\"(max-width: 1920px) 100vw, 1920px\" \/><noscript><img loading=\"lazy\" decoding=\"async\" width=\"1920\" height=\"1277\" src=\"https:\/\/buiimmigration.alothai.com\/wp-content\/uploads\/2023\/03\/bruno-soares-Pa8ofq11OGg-unsplash.jpg\" class=\"attachment-full size-full wp-image-159 lazyload\" alt=\"\u4f01\u4e1a\u5bb6\u7701\u63d0\u540d\" srcset=\"https:\/\/buiimmigration.alothai.com\/wp-content\/uploads\/2023\/03\/bruno-soares-Pa8ofq11OGg-unsplash.jpg 1920w, https:\/\/buiimmigration.alothai.com\/wp-content\/uploads\/2023\/03\/bruno-soares-Pa8ofq11OGg-unsplash-300x200.jpg 300w, https:\/\/buiimmigration.alothai.com\/wp-content\/uploads\/2023\/03\/bruno-soares-Pa8ofq11OGg-unsplash-1024x681.jpg 1024w, https:\/\/buiimmigration.alothai.com\/wp-content\/uploads\/2023\/03\/bruno-soares-Pa8ofq11OGg-unsplash-768x511.jpg 768w, https:\/\/buiimmigration.alothai.com\/wp-content\/uploads\/2023\/03\/bruno-soares-Pa8ofq11OGg-unsplash-1536x1022.jpg 1536w\" sizes=\"(max-width: 1920px) 100vw, 1920px\" \/><\/noscript><\/div><\/a>\r\n\t\t\t\t<div class=\"elementor-post__text\">\r\n\t\t\t\t<h2 class=\"elementor-post__title\">\r\n\t\t\t<a href=\"https:\/\/buiimmigration.alothai.com\/zh\/dich-vu\/12-chuong-trinh-dinh-cu-theo-de-cu-tinh-bang-entrepreneur-provincial-nomination-pnp\/\">\r\n\t\t\t\t12\u4e2a\u7701\u63d0\u540d\u8ba1\u5212\uff08\u4f01\u4e1a\u5bb6\u7701\u63d0\u540d\uff08PNP\uff09\t\t\t<\/a>\r\n\t\t<\/h2>\r\n\t\t\t\t<div class=\"elementor-post__excerpt\">\r\n\t\t\t<p>Ch\u01b0\u01a1ng tr\u00ecnh Entrepreneur Provincial Nomination (PNP) l\u00e0 m\u1ed9t ch\u01b0\u01a1ng tr\u00ecnh di tr\u00fa c\u1ee7a Canada cho ph\u00e9p c\u00e1c doanh nh\u00e2n v\u00e0 nh\u00e0 s\u00e1ng l\u1eadp kinh doanh \u0111\u1ebfn \u0111\u1ecbnh c\u01b0 v\u00e0 kinh doanh t\u1ea1i m\u1ed9t T\u1ec9nh ho\u1eb7c L\u00e3nh th\u1ed5 c\u1ee7a Canada th\u00f4ng<\/p>\n\t\t<\/div>\r\n\t\t\r\n\t\t<a class=\"elementor-post__read-more\" href=\"https:\/\/buiimmigration.alothai.com\/zh\/dich-vu\/12-chuong-trinh-dinh-cu-theo-de-cu-tinh-bang-entrepreneur-provincial-nomination-pnp\/\" aria-label=\"Read more about 12 Ch\u01b0\u01a1ng tr\u00ecnh \u0111\u1ecbnh c\u01b0 theo \u0111\u1ec1 c\u1eed T\u1ec9nh Bang (Entrepreneur Provincial Nomination &#8211; PNP)\" tabindex=\"-1\">\r\n\t\t\t\u9a6c\u4e0a\u53bb\u67e5 \u201d\t\t<\/a>\r\n\r\n\t\t\t\t<\/div>\r\n\t\t\t\t\t<\/div>\r\n\t\t<\/article>\r\n\t\t\t\t<\/div>\r\n\t\t\r\n\t\t\t\t\t\t<\/div>\n\t\t\t\t<\/div>\n\t\t\t\t\t<\/div>\n\t\t\t\t<\/div>\n\t\t\t\t<\/div>","protected":false},"excerpt":{"rendered":"<p>Ch\u01b0\u01a1ng tr\u00ecnh \u0111\u1ecbnh c\u01b0 theo di\u1ec7n doanh nh\u00e2n \u0111\u1ea7u t\u01b0 (hay c\u00f2n \u0111\u01b0\u1ee3c g\u1ecdi l\u00e0 \u0111\u1ea7u t\u01b0 \u0111\u1ecbnh c\u01b0 Canada) l\u00e0 m\u1ed9t trong nh\u1eefng con \u0111\u01b0\u1eddng \u0111\u1ecbnh c\u01b0 Canada ch\u00ednh th\u1ed1ng, an to\u00e0n d\u00e0nh cho c\u00e1c doanh nh\u00e2n, nh\u00e0 \u0111\u1ea7u t\u01b0 Vi\u1ec7t Nam ph\u00f9 h\u1ee3p v\u1edbi c\u00e1c \u0111i\u1ec1u ki\u1ec7n c\u1ee7a Ch\u00ednh ph\u1ee7 Canada \u0111\u1ec1 ra.Ch\u01b0\u01a1ng [&hellip;]<\/p>\n","protected":false},"author":1,"featured_media":0,"parent":0,"menu_order":0,"comment_status":"closed","ping_status":"closed","template":"","meta":{"footnotes":""},"class_list":["post-408","page","type-page","status-publish","hentry"],"acf":[],"_links":{"self":[{"href":"https:\/\/buiimmigration.alothai.com\/zh\/wp-json\/wp\/v2\/pages\/408","targetHints":{"allow":["GET"]}}],"collection":[{"href":"https:\/\/buiimmigration.alothai.com\/zh\/wp-json\/wp\/v2\/pages"}],"about":[{"href":"https:\/\/buiimmigration.alothai.com\/zh\/wp-json\/wp\/v2\/types\/page"}],"author":[{"embeddable":true,"href":"https:\/\/buiimmigration.alothai.com\/zh\/wp-json\/wp\/v2\/users\/1"}],"replies":[{"embeddable":true,"href":"https:\/\/buiimmigration.alothai.com\/zh\/wp-json\/wp\/v2\/comments?post=408"}],"version-history":[{"count":47,"href":"https:\/\/buiimmigration.alothai.com\/zh\/wp-json\/wp\/v2\/pages\/408\/revisions"}],"predecessor-version":[{"id":2132,"href":"https:\/\/buiimmigration.alothai.com\/zh\/wp-json\/wp\/v2\/pages\/408\/revisions\/2132"}],"wp:attachment":[{"href":"https:\/\/buiimmigration.alothai.com\/zh\/wp-json\/wp\/v2\/media?parent=408"}],"curies":[{"name":"wp","href":"https:\/\/api.w.org\/{rel}","templated":true}]}}