{"id":799,"date":"2023-03-30T18:16:57","date_gmt":"2023-03-30T18:16:57","guid":{"rendered":"https:\/\/buiimmigration.alothai.com\/?page_id=799"},"modified":"2025-03-18T21:46:19","modified_gmt":"2025-03-19T01:46:19","slug":"cam-on-da-lien-he-bui-immigration","status":"publish","type":"page","link":"https:\/\/buiimmigration.alothai.com\/zh\/cam-on-da-lien-he-bui-immigration\/","title":{"rendered":"C\u1ea3m \u01a1n \u0111\u00e3 li\u00ean h\u1ec7 B\u00f9i Immigration!"},"content":{"rendered":"<div data-elementor-type=\"wp-page\" data-elementor-id=\"799\" class=\"elementor elementor-799\" data-elementor-post-type=\"page\">\n\t\t\t\t<div class=\"elementor-element elementor-element-efa37ca e-flex e-con-boxed e-con e-parent\" data-id=\"efa37ca\" data-element_type=\"container\" data-e-type=\"container\">\n\t\t\t\t\t<div class=\"e-con-inner\">\n\t\t\t\t<div class=\"elementor-element elementor-element-5d5829d elementor-widget elementor-widget-heading\" data-id=\"5d5829d\" data-element_type=\"widget\" data-e-type=\"widget\" data-widget_type=\"heading.default\">\n\t\t\t\t<div class=\"elementor-widget-container\">\n\t\t\t\t\t<h1 class=\"elementor-heading-title elementor-size-default\">Ch\u00fang t\u00f4i \u0111\u00e3 nh\u1eadn \u0111\u01b0\u1ee3c <br>tin nh\u1eafn c\u1ee7a b\u1ea1n!<\/h1>\t\t\t\t<\/div>\n\t\t\t\t<\/div>\n\t\t\t\t<div class=\"elementor-element elementor-element-03baa76 elementor-widget elementor-widget-text-editor\" data-id=\"03baa76\" data-element_type=\"widget\" data-e-type=\"widget\" data-widget_type=\"text-editor.default\">\n\t\t\t\t<div class=\"elementor-widget-container\">\n\t\t\t\t\t\t\t\t\t<p>Qu\u00fd kh\u00e1ch h\u00e0ng th\u00e2n m\u1ebfn!<\/p>\n<p>Ch\u00fang t\u00f4i mu\u1ed1n g\u1eedi l\u1eddi c\u1ea3m \u01a1n \u0111\u1ebfn qu\u00fd kh\u00e1ch v\u00ec \u0111\u00e3 d\u00e0nh th\u1eddi gian quan t\u00e2m \u0111\u1ebfn d\u1ecbch v\u1ee5 \u0111\u1ecbnh c\u01b0 t\u1ea1i <b><i>B\u00f9i Immigration.<\/i><\/b><\/p>\n<p><b><i>\u79fb\u6c11\u5c40 <\/i><\/b>r\u1ea5t s\u1eb5n l\u00f2ng \u0111\u1ec3 t\u01b0 v\u1ea5n c\u00e1c ch\u01b0\u01a1ng tr\u00ecnh \u0111\u1ecbnh c\u01b0 c\u0169ng nh\u01b0 gi\u1ea3i \u0111\u00e1p nh\u1eefng th\u1eafc m\u1eafc c\u1ee7a qu\u00fd kh\u00e1ch. Qu\u00fd kh\u00e1ch vui l\u00f2ng book l\u1ecbch h\u1eb9n v\u1edbi C\u1ed1 V\u1ea5n Di Tr\u00fa c\u1ee7a ch\u00fang t\u00f4i qua \u0111\u01b0\u1eddng link d\u01b0\u1edbi \u0111\u00e2y \u0111\u1ec3 \u0111\u01b0\u1ee3c t\u01b0 v\u1ea5n v\u1edbi c\u00e1c ch\u01b0\u01a1ng tr\u00ecnh \u0110\u1ecbnh c\u01b0 t\u1ea1i Canada.<\/p>\n<p><i>\u0110\u01b0\u1eddng link:&nbsp;<\/i><a href=\"https:\/\/buiimmigration.cliogrow.com\/book\/c08b4f6695426b42696bd44c859643a1\" target=\"_blank\" style=\"text-align: var(--text-align); background-color: rgb(255, 255, 255); font-size: 1rem;\" rel=\"noopener\">https:\/\/buiimmigration.cliogrow.com\/book\/<\/a><\/p>\n<p><b><i>\u7b14\u8bb0\uff1a<\/i><\/b><i> Anh\/ ch\u1ecb vui l\u00f2ng check m\u00fai gi\u1edd ph\u00f9 h\u1ee3p ( <\/i>N\u1ebfu theo gi\u1edd Vi\u1ec7t Nam vui l\u00f2ng ch\u1ecdn <b><i>Time Zone: ASIA- HO CHI MINH<\/i><\/b><i>) \u1edf m\u1ee5c <\/i><b><i>Time Zone<\/i><\/b><i>.<\/i><\/p>\n<p><b><i>\u79fb\u6c11\u5c40<\/i><\/b> r\u1ea5t mong \u0111\u01b0\u1ee3c \u0111\u1ed3ng h\u00e0nh c\u00f9ng qu\u00fd kh\u00e1ch trong h\u00e0nh tr\u00ecnh chinh ph\u1ee5c h\u1ed3 s\u01a1 theo \u0111\u00fang k\u1ebf ho\u1ea1ch \u0111\u00e3 trao \u0111\u1ed5i v\u00e0 kh\u00f4ng g\u00e2y ra b\u1ea5t k\u1ef3 s\u1ef1 ch\u1eadm tr\u1ec5 n\u00e0o.<\/p>\n<p>N\u1ebfu anh\/ch\u1ecb c\u00f3 b\u1ea5t k\u1ef3 th\u1eafc m\u1eafc g\u00ec, vui l\u00f2ng li\u00ean h\u1ec7 v\u1edbi ch\u00fang t\u00f4i qua email: <a href=\"mailto:sbui@buiimmigration.com\"><i>info@buiimmigration.com<\/i><\/a><\/p>\n<p>Xin tr\u00e2n tr\u1ecdng c\u1ea3m \u01a1n!<\/p>\n<p>Best regards,<\/p>\n<p>B\u00f9i Immigration.<\/p>\n<p>S\u1ed1 \u0111i\u1ec7n tho\u1ea1i: +1 647 281 0808<\/p>\n<p>Email: <a href=\"mailto:sbui@buiimmigration.com\">info@buiimmigration.com<\/a><\/p>\t\t\t\t\t\t\t\t<\/div>\n\t\t\t\t<\/div>\n\t\t\t\t\t<\/div>\n\t\t\t\t<\/div>\n\t\t\t\t<\/div>","protected":false},"excerpt":{"rendered":"<p>Ch\u00fang t\u00f4i \u0111\u00e3 nh\u1eadn \u0111\u01b0\u1ee3c tin nh\u1eafn c\u1ee7a b\u1ea1n! Qu\u00fd kh\u00e1ch h\u00e0ng th\u00e2n m\u1ebfn! Ch\u00fang t\u00f4i mu\u1ed1n g\u1eedi l\u1eddi c\u1ea3m \u01a1n \u0111\u1ebfn qu\u00fd kh\u00e1ch v\u00ec \u0111\u00e3 d\u00e0nh th\u1eddi gian quan t\u00e2m \u0111\u1ebfn d\u1ecbch v\u1ee5 \u0111\u1ecbnh c\u01b0 t\u1ea1i B\u00f9i Immigration. B\u00f9i Immigration r\u1ea5t s\u1eb5n l\u00f2ng \u0111\u1ec3 t\u01b0 v\u1ea5n c\u00e1c ch\u01b0\u01a1ng tr\u00ecnh \u0111\u1ecbnh c\u01b0 c\u0169ng nh\u01b0 gi\u1ea3i [&hellip;]<\/p>\n","protected":false},"author":1,"featured_media":0,"parent":0,"menu_order":0,"comment_status":"closed","ping_status":"closed","template":"","meta":{"footnotes":""},"class_list":["post-799","page","type-page","status-publish","hentry"],"acf":[],"_links":{"self":[{"href":"https:\/\/buiimmigration.alothai.com\/zh\/wp-json\/wp\/v2\/pages\/799","targetHints":{"allow":["GET"]}}],"collection":[{"href":"https:\/\/buiimmigration.alothai.com\/zh\/wp-json\/wp\/v2\/pages"}],"about":[{"href":"https:\/\/buiimmigration.alothai.com\/zh\/wp-json\/wp\/v2\/types\/page"}],"author":[{"embeddable":true,"href":"https:\/\/buiimmigration.alothai.com\/zh\/wp-json\/wp\/v2\/users\/1"}],"replies":[{"embeddable":true,"href":"https:\/\/buiimmigration.alothai.com\/zh\/wp-json\/wp\/v2\/comments?post=799"}],"version-history":[{"count":10,"href":"https:\/\/buiimmigration.alothai.com\/zh\/wp-json\/wp\/v2\/pages\/799\/revisions"}],"predecessor-version":[{"id":1703,"href":"https:\/\/buiimmigration.alothai.com\/zh\/wp-json\/wp\/v2\/pages\/799\/revisions\/1703"}],"wp:attachment":[{"href":"https:\/\/buiimmigration.alothai.com\/zh\/wp-json\/wp\/v2\/media?parent=799"}],"curies":[{"name":"wp","href":"https:\/\/api.w.org\/{rel}","templated":true}]}}